{"id":688,"date":"2023-01-11T12:35:31","date_gmt":"2023-01-11T08:35:31","guid":{"rendered":"https:\/\/rekursivweb.ovh\/aquariumdelareunion\/?page_id=688"},"modified":"2024-09-17T13:05:18","modified_gmt":"2024-09-17T09:05:18","slug":"mentions-legales","status":"publish","type":"page","link":"https:\/\/aquariumdelareunion.com\/en\/mentions-legales\/","title":{"rendered":"Legal notice"},"content":{"rendered":"<div data-elementor-type=\"wp-page\" data-elementor-id=\"688\" class=\"elementor elementor-688\" data-elementor-post-type=\"page\">\n\t\t\t\t\t\t<section data-particle_enable=\"false\" data-particle-mobile-disabled=\"false\" class=\"elementor-section elementor-top-section elementor-element elementor-element-ba44a18 elementor-section-boxed elementor-section-height-default elementor-section-height-default\" data-id=\"ba44a18\" data-element_type=\"section\" data-e-type=\"section\">\n\t\t\t\t\t\t<div class=\"elementor-container elementor-column-gap-default\">\n\t\t\t\t\t<div class=\"elementor-column elementor-col-100 elementor-top-column elementor-element elementor-element-729891c\" data-id=\"729891c\" data-element_type=\"column\" data-e-type=\"column\">\n\t\t\t<div class=\"elementor-widget-wrap elementor-element-populated\">\n\t\t\t\t\t\t<div class=\"elementor-element elementor-element-bdf82fb elementor-widget elementor-widget-heading\" data-id=\"bdf82fb\" data-element_type=\"widget\" data-e-type=\"widget\" data-widget_type=\"heading.default\">\n\t\t\t\t\t<h1 class=\"elementor-heading-title elementor-size-default\">Legal notice<\/h1>\t\t\t\t<\/div>\n\t\t\t\t<div class=\"elementor-element elementor-element-2db6241 elementor-widget elementor-widget-text-editor\" data-id=\"2db6241\" data-element_type=\"widget\" data-e-type=\"widget\" data-widget_type=\"text-editor.default\">\n\t\t\t\t\t\t\t\t\t<p>This website is owned by the Aquarium de La R\u00e9union<\/p><h2><strong>Editor<\/strong><\/h2><p>SAS Aquarium de La R\u00e9union<br \/>General Management<br \/>Local 2 \u2013 IC002<br \/>Ilot central<br \/>166 Rue du G\u00e9n\u00e9ral de Gaulle<br \/>97434 Saint-Gilles-Les Bains<br \/>Phone: 0262 33 44 00<br \/>E-mail :\u00a0<a href=\"mailto:aquarium@aquariumdelareunion.com\">aquarium@aquariumdelareunion.com<\/a><a href=\"mailto:aquarium@aquariumdelareunion.com\"><br \/><\/a>Capital: \u20ac45,735<br \/>Siret: 39533814800020<\/p><h2><strong>Development and hosting<\/strong><\/h2><p>EURL REKURSIV<br \/>8 rue Jacques Brunet<br \/>97431 La Plaine des Palmistes<br \/>La R\u00e9union<br \/>Telephone: +262 692 14 61 05<br \/>Website: <a href=\"https:\/\/rekursiv.fr\" target=\"_blank\" rel=\"noopener\">https:\/\/rekursiv.fr<\/a>\u00a0<\/p><h2><strong>Intellectual property<\/strong><\/h2><p>The content of this website is owned by the Aquarium de La R\u00e9union.<br \/>Vous avez l&rsquo;autorisation de consulter les donn\u00e9es qu&rsquo;il contient pour votre seule utilisation personnelle non commerciale, ce qui exclut toute exploitation commerciale \u00e0 un niveau local, national ou international.<br \/>Notamment, aucun logo, texte, son, graphique ou image contenus dans le site ne pourrait \u00eatre copi\u00e9, reproduit, modifi\u00e9, publi\u00e9, \u00e9mis, post\u00e9, transmis ou distribu\u00e9 par quelques moyens que ce soit sans l&rsquo;autorisation pr\u00e9alable \u00e9crite de l\u2019Aquarium de La R\u00e9union.<\/p><h2><strong>Hyperlinks<\/strong><\/h2><p>Les pages de ce site Web pourront pr\u00e9senter des liens avec d&rsquo;autres sites ou faire des renvois \u00e0 d&rsquo;autres sites.<br \/>l\u2019Aquarium de La R\u00e9union ne se porte pas garant du contenu de ces autres sites et ne pourra \u00eatre tenu responsable des dommages r\u00e9sultant de l&rsquo;utilisation de contenu de ces sites.<br \/>Les liens vers d&rsquo;autres sites ne sont fournis que pour la commodit\u00e9 de l&rsquo;utilisateur de ce site Web.<\/p><h2><strong>Liability<\/strong><\/h2><p>l\u2019Aquarium de La R\u00e9union ne pourra \u00eatre tenu responsable de tout dommage direct ou indirect issu d&rsquo;une interruption, d&rsquo;un dysfonctionnement quel qu&rsquo;il soit, et ce pour quelque raison que ce soit, ou encore de tout dommage direct ou indirect qui r\u00e9sulterait, d&rsquo;une fa\u00e7on quelconque, d&rsquo;une connexion au site.<br \/>Anyone accessing the website does so at their own risk.<\/p><h2><strong>Personal data protection<\/strong><\/h2><p>Conform\u00e9ment \u00e0 l&rsquo;article 27 de la Loi Informatique et Libert\u00e9s du 6 janvier 1978, les informations indispensables au traitement et \u00e0 l&rsquo;ex\u00e9cution des demandes sont signal\u00e9es par un ast\u00e9risque. Les autres informations demand\u00e9es, pour lesquelles la r\u00e9ponse est facultative, sont destin\u00e9es \u00e0 mieux conna\u00eetre les utilisateurs et ainsi \u00e0 am\u00e9liorer les services qui leur sont propos\u00e9s.<br \/>Conform\u00e9ment \u00e0 l&rsquo;article 27 de la Loi Informatique et Libert\u00e9s du 6 janvier 1978, les utilisateurs disposent d&rsquo;un droit d&rsquo;acc\u00e8s, de rectification et de suppression des donn\u00e9es les concernant.<\/p><p>Pour l&rsquo;exercer, adressez-vous \u00e0 :<br \/>SAS Aquarium de La R\u00e9union<br \/>General Management<br \/>Port de Plaisance Marina<br \/>97434 Saint-Gilles-les-Bains<br \/>E-mail :\u00a0<a href=\"mailto:aquarium@aquariumdelareunion.com\">aquarium@aquariumdelareunion.com<\/a><\/p><h2><strong>Data Protection Act<\/strong><\/h2><p>Any personal data we collect is used exclusively by our Marketing department to keep you up to date with news of our residents and commercial operations.<\/p><p>In accordance with the French Data Protection Act of 6 January 1978, as amended, you have the right to access, modify, rectify and delete any personal data that we may collect. To exercise this right, simply contact us with your name, first name, address and e-mail address:<\/p><p>E-mail :\u00a0<a href=\"mailto:aquarium@aquariumdelareunion.com\">aquarium@aquariumdelareunion.com<\/a><\/p><p>Any corrections will be made within one day.\u00a0<\/p><h2><strong>Use of IP addresses<\/strong><\/h2><p>An IP address is a number that is automatically assigned to your computer by your internet service provider when you browse the web. When you visit a page on our website, our servers will record your IP address.<br \/>The Aquarium de La R\u00e9union collects IP addresses to manage its own computer system and to analyse how its website is used. We do not link your IP address to any personal information \u2013 while your website visit is recorded by our system, you will remain anonymous.<\/p><p><strong>Newsletter<\/strong><\/p><p>Only internet users who expressly subscribe to the Reunion Aquarium newsletter will receive e-mails so that we can keep you up to date with news of our residents and commercial operations. Your e-mail address is essential to receive this newsletter. At the end of every e-mail, there is a link you can click to unsubscribe from the newsletter. You can also amend any information you have shared with us.<\/p><h2><strong>Cookies<\/strong><\/h2><p>To manage the completeness of your session, we use session cookies. It self-destructs and does not save any information on your computer.<\/p><p><em>Legal notice version May 2018<\/em><\/p>\t\t\t\t\t\t\t\t<\/div>\n\t\t\t\t\t<\/div>\n\t\t<\/div>\n\t\t\t\t\t<\/div>\n\t\t<\/section>\n\t\t\t\t<\/div>","protected":false},"excerpt":{"rendered":"<p>Mentions l\u00e9gales Ce site Web est la propri\u00e9t\u00e9 de l\u2019Aquarium de La R\u00e9union Editeur SAS Aquarium de La R\u00e9unionDirection g\u00e9n\u00e9raleLocal 2 \u2013 IC002Ilot central166 Rue du G\u00e9n\u00e9ral de Gaulle97434 Saint-Gilles-Les BainsTel\u00a0: 0262 33 44 00Mel\u00a0:\u00a0aquarium@aquariumdelareunion.comCapital\u00a0: 45735 eurosSiret\u00a0: 39533814800020 R\u00e9alisation et h\u00e9bergement EURL REKURSIV8 rue Jacques Brunet97431 La Plaine des PalmistesLa R\u00e9unionT\u00e9l\u00e9phone : 0692 14 61 [&hellip;]<\/p>\n","protected":false},"author":1,"featured_media":0,"parent":0,"menu_order":0,"comment_status":"closed","ping_status":"closed","template":"elementor_header_footer","meta":{"_acf_changed":false,"footnotes":""},"class_list":["post-688","page","type-page","status-publish","hentry"],"acf":[],"_links":{"self":[{"href":"https:\/\/aquariumdelareunion.com\/en\/wp-json\/wp\/v2\/pages\/688","targetHints":{"allow":["GET"]}}],"collection":[{"href":"https:\/\/aquariumdelareunion.com\/en\/wp-json\/wp\/v2\/pages"}],"about":[{"href":"https:\/\/aquariumdelareunion.com\/en\/wp-json\/wp\/v2\/types\/page"}],"author":[{"embeddable":true,"href":"https:\/\/aquariumdelareunion.com\/en\/wp-json\/wp\/v2\/users\/1"}],"replies":[{"embeddable":true,"href":"https:\/\/aquariumdelareunion.com\/en\/wp-json\/wp\/v2\/comments?post=688"}],"version-history":[{"count":16,"href":"https:\/\/aquariumdelareunion.com\/en\/wp-json\/wp\/v2\/pages\/688\/revisions"}],"predecessor-version":[{"id":1789,"href":"https:\/\/aquariumdelareunion.com\/en\/wp-json\/wp\/v2\/pages\/688\/revisions\/1789"}],"wp:attachment":[{"href":"https:\/\/aquariumdelareunion.com\/en\/wp-json\/wp\/v2\/media?parent=688"}],"curies":[{"name":"wp","href":"https:\/\/api.w.org\/{rel}","templated":true}]}}