{"id":465,"date":"2022-12-07T16:43:12","date_gmt":"2022-12-07T12:43:12","guid":{"rendered":"https:\/\/rekursivweb.ovh\/aquariumdelareunion\/?page_id=465"},"modified":"2024-11-02T20:50:25","modified_gmt":"2024-11-02T16:50:25","slug":"coulisses","status":"publish","type":"page","link":"https:\/\/aquariumdelareunion.com\/en\/coulisses\/","title":{"rendered":"Behind the scenes"},"content":{"rendered":"<div data-elementor-type=\"wp-page\" data-elementor-id=\"465\" class=\"elementor elementor-465\" data-elementor-post-type=\"page\">\n\t\t\t\t\t\t<section data-particle_enable=\"false\" data-particle-mobile-disabled=\"false\" class=\"elementor-section elementor-top-section elementor-element elementor-element-c165a52 elementor-section-boxed elementor-section-height-default elementor-section-height-default\" data-id=\"c165a52\" data-element_type=\"section\" data-e-type=\"section\">\n\t\t\t\t\t\t<div class=\"elementor-container elementor-column-gap-wide\">\n\t\t\t\t\t<div class=\"elementor-column elementor-col-100 elementor-top-column elementor-element elementor-element-66fab70\" data-id=\"66fab70\" data-element_type=\"column\" data-e-type=\"column\">\n\t\t\t<div class=\"elementor-widget-wrap elementor-element-populated\">\n\t\t\t\t\t\t<div class=\"elementor-element elementor-element-a117fd9 elementor-widget elementor-widget-heading\" data-id=\"a117fd9\" data-element_type=\"widget\" data-e-type=\"widget\" data-widget_type=\"heading.default\">\n\t\t\t\t\t<h1 class=\"elementor-heading-title elementor-size-default\">Behind the scenes<\/h1>\t\t\t\t<\/div>\n\t\t\t\t<div class=\"elementor-element elementor-element-d89f70b elementor-widget elementor-widget-text-editor\" data-id=\"d89f70b\" data-element_type=\"widget\" data-e-type=\"widget\" data-widget_type=\"text-editor.default\">\n\t\t\t\t\t\t\t\t\t<p>Backstage, biologists, keepers and technicians work together to preserve, recreate, manage and maintain the life of the site. Thanks to their efforts, the public can admire these faithful reconstructions of the seabed.<\/p>\t\t\t\t\t\t\t\t<\/div>\n\t\t\t\t\t<\/div>\n\t\t<\/div>\n\t\t\t\t\t<\/div>\n\t\t<\/section>\n\t\t\t\t<section data-particle_enable=\"false\" data-particle-mobile-disabled=\"false\" class=\"elementor-section elementor-top-section elementor-element elementor-element-2dee91d elementor-section-content-middle elementor-section-boxed elementor-section-height-default elementor-section-height-default\" data-id=\"2dee91d\" data-element_type=\"section\" data-e-type=\"section\">\n\t\t\t\t\t\t<div class=\"elementor-container elementor-column-gap-wide\">\n\t\t\t\t\t<div class=\"elementor-column elementor-col-50 elementor-top-column elementor-element elementor-element-62233a5\" data-id=\"62233a5\" data-element_type=\"column\" data-e-type=\"column\">\n\t\t\t<div class=\"elementor-widget-wrap elementor-element-populated\">\n\t\t\t\t\t\t<div class=\"elementor-element elementor-element-611fce3 elementor-widget elementor-widget-text-editor\" data-id=\"611fce3\" data-element_type=\"widget\" data-e-type=\"widget\" data-widget_type=\"text-editor.default\">\n\t\t\t\t\t\t\t\t\t<p>Thus, every day, X kilos of fish, shellfish, molluscs and plants are prepared and distributed across the 20 aquarium <br \/>tanks and the X quarantine tanks on the site.<\/p>\t\t\t\t\t\t\t\t<\/div>\n\t\t\t\t\t<\/div>\n\t\t<\/div>\n\t\t\t\t<div class=\"elementor-column elementor-col-50 elementor-top-column elementor-element elementor-element-945c9ad\" data-id=\"945c9ad\" data-element_type=\"column\" data-e-type=\"column\">\n\t\t\t<div class=\"elementor-widget-wrap elementor-element-populated\">\n\t\t\t\t\t\t<div class=\"elementor-element elementor-element-5a545e9 elementor-widget elementor-widget-image\" data-id=\"5a545e9\" data-element_type=\"widget\" data-e-type=\"widget\" data-widget_type=\"image.default\">\n\t\t\t\t\t\t\t\t\t\t\t\t\t\t\t<img fetchpriority=\"high\" decoding=\"async\" width=\"800\" height=\"451\" src=\"https:\/\/aquariumdelareunion.com\/wp-content\/uploads\/2022\/12\/coulisses-1-1024x577.webp\" class=\"attachment-large size-large wp-image-468\" alt=\"\" srcset=\"https:\/\/aquariumdelareunion.com\/wp-content\/uploads\/2022\/12\/coulisses-1-1024x577.webp 1024w, https:\/\/aquariumdelareunion.com\/wp-content\/uploads\/2022\/12\/coulisses-1-300x169.webp 300w, https:\/\/aquariumdelareunion.com\/wp-content\/uploads\/2022\/12\/coulisses-1-768x433.webp 768w, https:\/\/aquariumdelareunion.com\/wp-content\/uploads\/2022\/12\/coulisses-1.webp 1072w\" sizes=\"(max-width: 800px) 100vw, 800px\" \/>\t\t\t\t\t\t\t\t\t\t\t\t\t\t\t<\/div>\n\t\t\t\t\t<\/div>\n\t\t<\/div>\n\t\t\t\t\t<\/div>\n\t\t<\/section>\n\t\t\t\t<section data-particle_enable=\"false\" data-particle-mobile-disabled=\"false\" class=\"elementor-section elementor-top-section elementor-element elementor-element-e2ea77c elementor-section-boxed elementor-section-height-default elementor-section-height-default\" data-id=\"e2ea77c\" data-element_type=\"section\" data-e-type=\"section\">\n\t\t\t\t\t\t<div class=\"elementor-container elementor-column-gap-wide\">\n\t\t\t\t\t<div class=\"elementor-column elementor-col-50 elementor-top-column elementor-element elementor-element-ae85f9a\" data-id=\"ae85f9a\" data-element_type=\"column\" data-e-type=\"column\">\n\t\t\t<div class=\"elementor-widget-wrap elementor-element-populated\">\n\t\t\t\t\t\t<div class=\"elementor-element elementor-element-0b7a776 elementor-widget elementor-widget-image\" data-id=\"0b7a776\" data-element_type=\"widget\" data-e-type=\"widget\" data-widget_type=\"image.default\">\n\t\t\t\t\t\t\t\t\t\t\t\t\t\t\t<img decoding=\"async\" width=\"800\" height=\"449\" src=\"https:\/\/aquariumdelareunion.com\/wp-content\/uploads\/2022\/12\/coulisses-2-1024x575.webp\" class=\"attachment-large size-large wp-image-469\" alt=\"\" srcset=\"https:\/\/aquariumdelareunion.com\/wp-content\/uploads\/2022\/12\/coulisses-2-1024x575.webp 1024w, https:\/\/aquariumdelareunion.com\/wp-content\/uploads\/2022\/12\/coulisses-2-300x168.webp 300w, https:\/\/aquariumdelareunion.com\/wp-content\/uploads\/2022\/12\/coulisses-2-768x431.webp 768w, https:\/\/aquariumdelareunion.com\/wp-content\/uploads\/2022\/12\/coulisses-2.webp 1072w\" sizes=\"(max-width: 800px) 100vw, 800px\" \/>\t\t\t\t\t\t\t\t\t\t\t\t\t\t\t<\/div>\n\t\t\t\t<div class=\"elementor-element elementor-element-0faa156 elementor-widget elementor-widget-heading\" data-id=\"0faa156\" data-element_type=\"widget\" data-e-type=\"widget\" data-widget_type=\"heading.default\">\n\t\t\t\t\t<h2 class=\"elementor-heading-title elementor-size-default\">Behind the scenes: countless daily tasks\n<\/h2>\t\t\t\t<\/div>\n\t\t\t\t<div class=\"elementor-element elementor-element-2f71c92 elementor-widget elementor-widget-text-editor\" data-id=\"2f71c92\" data-element_type=\"widget\" data-e-type=\"widget\" data-widget_type=\"text-editor.default\">\n\t\t\t\t\t\t\t\t\t<p>Presenting marine fauna in aquariums requires us to combine our team's extensive knowledge of marine biology, botany, seawater chemistry, air conditioning, electricity, fluid circulation and even legislation.<\/p>\t\t\t\t\t\t\t\t<\/div>\n\t\t\t\t\t<\/div>\n\t\t<\/div>\n\t\t\t\t<div class=\"elementor-column elementor-col-50 elementor-top-column elementor-element elementor-element-c0f6fb0\" data-id=\"c0f6fb0\" data-element_type=\"column\" data-e-type=\"column\">\n\t\t\t<div class=\"elementor-widget-wrap elementor-element-populated\">\n\t\t\t\t\t\t<div class=\"elementor-element elementor-element-a030f19 elementor-widget elementor-widget-image\" data-id=\"a030f19\" data-element_type=\"widget\" data-e-type=\"widget\" data-widget_type=\"image.default\">\n\t\t\t\t\t\t\t\t\t\t\t\t\t\t\t<img decoding=\"async\" width=\"800\" height=\"451\" src=\"https:\/\/aquariumdelareunion.com\/wp-content\/uploads\/2022\/12\/coulisses-3-1024x577.webp\" class=\"attachment-large size-large wp-image-470\" alt=\"\" srcset=\"https:\/\/aquariumdelareunion.com\/wp-content\/uploads\/2022\/12\/coulisses-3-1024x577.webp 1024w, https:\/\/aquariumdelareunion.com\/wp-content\/uploads\/2022\/12\/coulisses-3-300x169.webp 300w, https:\/\/aquariumdelareunion.com\/wp-content\/uploads\/2022\/12\/coulisses-3-768x433.webp 768w, https:\/\/aquariumdelareunion.com\/wp-content\/uploads\/2022\/12\/coulisses-3.webp 1072w\" sizes=\"(max-width: 800px) 100vw, 800px\" \/>\t\t\t\t\t\t\t\t\t\t\t\t\t\t\t<\/div>\n\t\t\t\t<div class=\"elementor-element elementor-element-f3939f6 elementor-widget elementor-widget-heading\" data-id=\"f3939f6\" data-element_type=\"widget\" data-e-type=\"widget\" data-widget_type=\"heading.default\">\n\t\t\t\t\t<h2 class=\"elementor-heading-title elementor-size-default\">Backstage: the specialists are busy<\/h2>\t\t\t\t<\/div>\n\t\t\t\t<div class=\"elementor-element elementor-element-c62b10f elementor-widget elementor-widget-text-editor\" data-id=\"c62b10f\" data-element_type=\"widget\" data-e-type=\"widget\" data-widget_type=\"text-editor.default\">\n\t\t\t\t\t\t\t\t\t<p>Every day of the year, the team working at the Aquarium de la R\u00e9union must ensure all the animals remain healthy. Biologists and diver-keepers focus on keeping the tanks in top condition. They also welcome new residents to the quarantine tanks, and study and monitor reproduction. Finally, they maintain the technical installations (pumps, filtration, ventilation, lighting, etc.). Holding 600,000 litres of seawater, the tanks are maintained around the clock.<\/p>\t\t\t\t\t\t\t\t<\/div>\n\t\t\t\t\t<\/div>\n\t\t<\/div>\n\t\t\t\t\t<\/div>\n\t\t<\/section>\n\t\t\t\t<section data-particle_enable=\"false\" data-particle-mobile-disabled=\"false\" class=\"elementor-section elementor-top-section elementor-element elementor-element-23a6822 elementor-section-boxed elementor-section-height-default elementor-section-height-default\" data-id=\"23a6822\" data-element_type=\"section\" data-e-type=\"section\">\n\t\t\t\t\t\t<div class=\"elementor-container elementor-column-gap-wide\">\n\t\t\t\t\t<div class=\"elementor-column elementor-col-50 elementor-top-column elementor-element elementor-element-c4c94cd\" data-id=\"c4c94cd\" data-element_type=\"column\" data-e-type=\"column\">\n\t\t\t<div class=\"elementor-widget-wrap elementor-element-populated\">\n\t\t\t\t\t\t<div class=\"elementor-element elementor-element-a512851 elementor-widget elementor-widget-image\" data-id=\"a512851\" data-element_type=\"widget\" data-e-type=\"widget\" data-widget_type=\"image.default\">\n\t\t\t\t\t\t\t\t\t\t\t\t\t\t\t<img loading=\"lazy\" decoding=\"async\" width=\"800\" height=\"449\" src=\"https:\/\/aquariumdelareunion.com\/wp-content\/uploads\/2022\/12\/coulisses-4-1024x575.webp\" class=\"attachment-large size-large wp-image-471\" alt=\"\" srcset=\"https:\/\/aquariumdelareunion.com\/wp-content\/uploads\/2022\/12\/coulisses-4-1024x575.webp 1024w, https:\/\/aquariumdelareunion.com\/wp-content\/uploads\/2022\/12\/coulisses-4-300x168.webp 300w, https:\/\/aquariumdelareunion.com\/wp-content\/uploads\/2022\/12\/coulisses-4-768x431.webp 768w, https:\/\/aquariumdelareunion.com\/wp-content\/uploads\/2022\/12\/coulisses-4.webp 1072w\" sizes=\"(max-width: 800px) 100vw, 800px\" \/>\t\t\t\t\t\t\t\t\t\t\t\t\t\t\t<\/div>\n\t\t\t\t\t<\/div>\n\t\t<\/div>\n\t\t\t\t<div class=\"elementor-column elementor-col-50 elementor-top-column elementor-element elementor-element-92dcd26\" data-id=\"92dcd26\" data-element_type=\"column\" data-e-type=\"column\">\n\t\t\t<div class=\"elementor-widget-wrap elementor-element-populated\">\n\t\t\t\t\t\t<div class=\"elementor-element elementor-element-7476656 elementor-widget elementor-widget-image\" data-id=\"7476656\" data-element_type=\"widget\" data-e-type=\"widget\" data-widget_type=\"image.default\">\n\t\t\t\t\t\t\t\t\t\t\t\t\t\t\t<img loading=\"lazy\" decoding=\"async\" width=\"800\" height=\"451\" src=\"https:\/\/aquariumdelareunion.com\/wp-content\/uploads\/2022\/12\/coulisses-5-1024x577.webp\" class=\"attachment-large size-large wp-image-472\" alt=\"\" srcset=\"https:\/\/aquariumdelareunion.com\/wp-content\/uploads\/2022\/12\/coulisses-5-1024x577.webp 1024w, https:\/\/aquariumdelareunion.com\/wp-content\/uploads\/2022\/12\/coulisses-5-300x169.webp 300w, https:\/\/aquariumdelareunion.com\/wp-content\/uploads\/2022\/12\/coulisses-5-768x433.webp 768w, https:\/\/aquariumdelareunion.com\/wp-content\/uploads\/2022\/12\/coulisses-5.webp 1072w\" sizes=\"(max-width: 800px) 100vw, 800px\" \/>\t\t\t\t\t\t\t\t\t\t\t\t\t\t\t<\/div>\n\t\t\t\t\t<\/div>\n\t\t<\/div>\n\t\t\t\t\t<\/div>\n\t\t<\/section>\n\t\t\t\t<section data-particle_enable=\"false\" data-particle-mobile-disabled=\"false\" class=\"elementor-section elementor-top-section elementor-element elementor-element-a08acb0 elementor-section-boxed elementor-section-height-default elementor-section-height-default\" data-id=\"a08acb0\" data-element_type=\"section\" data-e-type=\"section\">\n\t\t\t\t\t\t<div class=\"elementor-container elementor-column-gap-wide\">\n\t\t\t\t\t<div class=\"elementor-column elementor-col-50 elementor-top-column elementor-element elementor-element-720682d\" data-id=\"720682d\" data-element_type=\"column\" data-e-type=\"column\">\n\t\t\t<div class=\"elementor-widget-wrap elementor-element-populated\">\n\t\t\t\t\t\t<div class=\"elementor-element elementor-element-815c84a elementor-widget elementor-widget-image\" data-id=\"815c84a\" data-element_type=\"widget\" data-e-type=\"widget\" data-widget_type=\"image.default\">\n\t\t\t\t\t\t\t\t\t\t\t\t\t\t\t<img loading=\"lazy\" decoding=\"async\" width=\"800\" height=\"451\" src=\"https:\/\/aquariumdelareunion.com\/wp-content\/uploads\/2022\/12\/coulisses-6-1024x577.webp\" class=\"attachment-large size-large wp-image-473\" alt=\"\" srcset=\"https:\/\/aquariumdelareunion.com\/wp-content\/uploads\/2022\/12\/coulisses-6-1024x577.webp 1024w, https:\/\/aquariumdelareunion.com\/wp-content\/uploads\/2022\/12\/coulisses-6-300x169.webp 300w, https:\/\/aquariumdelareunion.com\/wp-content\/uploads\/2022\/12\/coulisses-6-768x433.webp 768w, https:\/\/aquariumdelareunion.com\/wp-content\/uploads\/2022\/12\/coulisses-6.webp 1072w\" sizes=\"(max-width: 800px) 100vw, 800px\" \/>\t\t\t\t\t\t\t\t\t\t\t\t\t\t\t<\/div>\n\t\t\t\t\t<\/div>\n\t\t<\/div>\n\t\t\t\t<div class=\"elementor-column elementor-col-50 elementor-top-column elementor-element elementor-element-6decc13\" data-id=\"6decc13\" data-element_type=\"column\" data-e-type=\"column\">\n\t\t\t<div class=\"elementor-widget-wrap elementor-element-populated\">\n\t\t\t\t\t\t<div class=\"elementor-element elementor-element-5109c77 elementor-widget elementor-widget-image\" data-id=\"5109c77\" data-element_type=\"widget\" data-e-type=\"widget\" data-widget_type=\"image.default\">\n\t\t\t\t\t\t\t\t\t\t\t\t\t\t\t<img loading=\"lazy\" decoding=\"async\" width=\"800\" height=\"451\" src=\"https:\/\/aquariumdelareunion.com\/wp-content\/uploads\/2022\/12\/coulisses-7-1024x577.webp\" class=\"attachment-large size-large wp-image-474\" alt=\"\" srcset=\"https:\/\/aquariumdelareunion.com\/wp-content\/uploads\/2022\/12\/coulisses-7-1024x577.webp 1024w, https:\/\/aquariumdelareunion.com\/wp-content\/uploads\/2022\/12\/coulisses-7-300x169.webp 300w, https:\/\/aquariumdelareunion.com\/wp-content\/uploads\/2022\/12\/coulisses-7-768x433.webp 768w, https:\/\/aquariumdelareunion.com\/wp-content\/uploads\/2022\/12\/coulisses-7.webp 1072w\" sizes=\"(max-width: 800px) 100vw, 800px\" \/>\t\t\t\t\t\t\t\t\t\t\t\t\t\t\t<\/div>\n\t\t\t\t\t<\/div>\n\t\t<\/div>\n\t\t\t\t\t<\/div>\n\t\t<\/section>\n\t\t\t\t<section data-particle_enable=\"false\" data-particle-mobile-disabled=\"false\" class=\"elementor-section elementor-top-section elementor-element elementor-element-6619e12 elementor-section-boxed elementor-section-height-default elementor-section-height-default\" data-id=\"6619e12\" data-element_type=\"section\" data-e-type=\"section\">\n\t\t\t\t\t\t<div class=\"elementor-container elementor-column-gap-default\">\n\t\t\t\t\t<div class=\"elementor-column elementor-col-100 elementor-top-column elementor-element elementor-element-4d53182\" data-id=\"4d53182\" data-element_type=\"column\" data-e-type=\"column\">\n\t\t\t<div class=\"elementor-widget-wrap elementor-element-populated\">\n\t\t\t\t\t\t<div class=\"elementor-element elementor-element-cca82a7 elementor-widget elementor-widget-text-editor\" data-id=\"cca82a7\" data-element_type=\"widget\" data-e-type=\"widget\" data-widget_type=\"text-editor.default\">\n\t\t\t\t\t\t\t\t\t<p>The displays in our aquarium faithfully reflect reality. The physico-chemical parameters of the water, the lighting and landscapes, and cohabiting species, all recreate the natural environment. These conditions allow visitors to observe species demonstrating their usual behaviour.<\/p>\t\t\t\t\t\t\t\t<\/div>\n\t\t\t\t\t<\/div>\n\t\t<\/div>\n\t\t\t\t\t<\/div>\n\t\t<\/section>\n\t\t\t\t<\/div>","protected":false},"excerpt":{"rendered":"<p>Coulisses Derri\u00e8re le rideau, biologistes, soigneurs, techniciens s\u2019unissent pour pr\u00e9server, reproduire, g\u00e9rer et entretenir\u2026 la vie du site. Gr\u00e2ce \u00e0 eux, le public peut admirer ces reconstitutions fid\u00e8les des fonds marins. Ainsi, chaque jour, X kilos de poissons, coquillages, crustac\u00e9s, mollusques et v\u00e9g\u00e9taux sont pr\u00e9par\u00e9s et distribu\u00e9s dans les 20 aquariums de la visite et [&hellip;]<\/p>\n","protected":false},"author":1,"featured_media":0,"parent":0,"menu_order":0,"comment_status":"closed","ping_status":"closed","template":"elementor_header_footer","meta":{"_acf_changed":false,"footnotes":""},"class_list":["post-465","page","type-page","status-publish","hentry"],"acf":[],"_links":{"self":[{"href":"https:\/\/aquariumdelareunion.com\/en\/wp-json\/wp\/v2\/pages\/465","targetHints":{"allow":["GET"]}}],"collection":[{"href":"https:\/\/aquariumdelareunion.com\/en\/wp-json\/wp\/v2\/pages"}],"about":[{"href":"https:\/\/aquariumdelareunion.com\/en\/wp-json\/wp\/v2\/types\/page"}],"author":[{"embeddable":true,"href":"https:\/\/aquariumdelareunion.com\/en\/wp-json\/wp\/v2\/users\/1"}],"replies":[{"embeddable":true,"href":"https:\/\/aquariumdelareunion.com\/en\/wp-json\/wp\/v2\/comments?post=465"}],"version-history":[{"count":13,"href":"https:\/\/aquariumdelareunion.com\/en\/wp-json\/wp\/v2\/pages\/465\/revisions"}],"predecessor-version":[{"id":1827,"href":"https:\/\/aquariumdelareunion.com\/en\/wp-json\/wp\/v2\/pages\/465\/revisions\/1827"}],"wp:attachment":[{"href":"https:\/\/aquariumdelareunion.com\/en\/wp-json\/wp\/v2\/media?parent=465"}],"curies":[{"name":"wp","href":"https:\/\/api.w.org\/{rel}","templated":true}]}}