{"id":445,"date":"2022-12-07T15:52:25","date_gmt":"2022-12-07T11:52:25","guid":{"rendered":"https:\/\/rekursivweb.ovh\/aquariumdelareunion\/?page_id=445"},"modified":"2023-10-03T13:29:01","modified_gmt":"2023-10-03T09:29:01","slug":"boutique","status":"publish","type":"page","link":"https:\/\/aquariumdelareunion.com\/en\/boutique\/","title":{"rendered":"Shop"},"content":{"rendered":"<div data-elementor-type=\"wp-page\" data-elementor-id=\"445\" class=\"elementor elementor-445\" data-elementor-post-type=\"page\">\n\t\t\t\t\t\t<section data-particle_enable=\"false\" data-particle-mobile-disabled=\"false\" class=\"elementor-section elementor-top-section elementor-element elementor-element-626354e elementor-section-boxed elementor-section-height-default elementor-section-height-default\" data-id=\"626354e\" data-element_type=\"section\" data-e-type=\"section\">\n\t\t\t\t\t\t<div class=\"elementor-container elementor-column-gap-default\">\n\t\t\t\t\t<div class=\"elementor-column elementor-col-100 elementor-top-column elementor-element elementor-element-7859038\" data-id=\"7859038\" data-element_type=\"column\" data-e-type=\"column\">\n\t\t\t<div class=\"elementor-widget-wrap elementor-element-populated\">\n\t\t\t\t\t\t<div class=\"elementor-element elementor-element-b245f9a elementor-widget elementor-widget-heading\" data-id=\"b245f9a\" data-element_type=\"widget\" data-e-type=\"widget\" data-widget_type=\"heading.default\">\n\t\t\t\t\t<h1 class=\"elementor-heading-title elementor-size-default\">Ocean shop<\/h1>\t\t\t\t<\/div>\n\t\t\t\t<div class=\"elementor-element elementor-element-4372624 elementor-widget elementor-widget-text-editor\" data-id=\"4372624\" data-element_type=\"widget\" data-e-type=\"widget\" data-widget_type=\"text-editor.default\">\n\t\t\t\t\t\t\t\t\t<p>Visitor souvenirs<\/p>\t\t\t\t\t\t\t\t<\/div>\n\t\t\t\t<div class=\"elementor-element elementor-element-7d15192 elementor-widget elementor-widget-image\" data-id=\"7d15192\" data-element_type=\"widget\" data-e-type=\"widget\" data-widget_type=\"image.default\">\n\t\t\t\t\t\t\t\t\t\t\t\t\t\t\t<img fetchpriority=\"high\" decoding=\"async\" width=\"768\" height=\"512\" src=\"https:\/\/aquariumdelareunion.com\/wp-content\/uploads\/2022\/12\/tote-bag-aquarium-768x512.webp\" class=\"attachment-medium_large size-medium_large wp-image-448\" alt=\"\" srcset=\"https:\/\/aquariumdelareunion.com\/wp-content\/uploads\/2022\/12\/tote-bag-aquarium-768x512.webp 768w, https:\/\/aquariumdelareunion.com\/wp-content\/uploads\/2022\/12\/tote-bag-aquarium-300x200.webp 300w, https:\/\/aquariumdelareunion.com\/wp-content\/uploads\/2022\/12\/tote-bag-aquarium-1024x682.webp 1024w, https:\/\/aquariumdelareunion.com\/wp-content\/uploads\/2022\/12\/tote-bag-aquarium.webp 1072w\" sizes=\"(max-width: 768px) 100vw, 768px\" \/>\t\t\t\t\t\t\t\t\t\t\t\t\t\t\t<\/div>\n\t\t\t\t<div class=\"elementor-element elementor-element-4dac7a4 elementor-widget elementor-widget-text-editor\" data-id=\"4dac7a4\" data-element_type=\"widget\" data-e-type=\"widget\" data-widget_type=\"text-editor.default\">\n\t\t\t\t\t\t\t\t\t<p>Many of the items sold in the shop support animal conservation or children's programmes.<\/p>\t\t\t\t\t\t\t\t<\/div>\n\t\t\t\t<section data-particle_enable=\"false\" data-particle-mobile-disabled=\"false\" class=\"elementor-section elementor-inner-section elementor-element elementor-element-55709ea elementor-section-content-middle elementor-section-boxed elementor-section-height-default elementor-section-height-default\" data-id=\"55709ea\" data-element_type=\"section\" data-e-type=\"section\">\n\t\t\t\t\t\t<div class=\"elementor-container elementor-column-gap-default\">\n\t\t\t\t\t<div class=\"elementor-column elementor-col-50 elementor-inner-column elementor-element elementor-element-6f9d34f\" data-id=\"6f9d34f\" data-element_type=\"column\" data-e-type=\"column\">\n\t\t\t<div class=\"elementor-widget-wrap elementor-element-populated\">\n\t\t\t\t\t\t<div class=\"elementor-element elementor-element-b46a3d5 elementor-widget elementor-widget-image\" data-id=\"b46a3d5\" data-element_type=\"widget\" data-e-type=\"widget\" data-widget_type=\"image.default\">\n\t\t\t\t\t\t\t\t\t\t\t\t\t\t\t<img decoding=\"async\" width=\"300\" height=\"114\" src=\"https:\/\/aquariumdelareunion.com\/wp-content\/uploads\/2022\/12\/logo-plan-300x114.webp\" class=\"attachment-medium size-medium wp-image-460\" alt=\"\" srcset=\"https:\/\/aquariumdelareunion.com\/wp-content\/uploads\/2022\/12\/logo-plan-300x114.webp 300w, https:\/\/aquariumdelareunion.com\/wp-content\/uploads\/2022\/12\/logo-plan.webp 320w\" sizes=\"(max-width: 300px) 100vw, 300px\" \/>\t\t\t\t\t\t\t\t\t\t\t\t\t\t\t<\/div>\n\t\t\t\t\t<\/div>\n\t\t<\/div>\n\t\t\t\t<div class=\"elementor-column elementor-col-50 elementor-inner-column elementor-element elementor-element-616e49e\" data-id=\"616e49e\" data-element_type=\"column\" data-e-type=\"column\">\n\t\t\t<div class=\"elementor-widget-wrap elementor-element-populated\">\n\t\t\t\t\t\t<div class=\"elementor-element elementor-element-2f67195 elementor-widget elementor-widget-image\" data-id=\"2f67195\" data-element_type=\"widget\" data-e-type=\"widget\" data-widget_type=\"image.default\">\n\t\t\t\t\t\t\t\t\t\t\t\t\t\t\t<img decoding=\"async\" width=\"150\" height=\"150\" src=\"https:\/\/aquariumdelareunion.com\/wp-content\/uploads\/2022\/12\/natual-fibers.webp\" class=\"attachment-medium size-medium wp-image-461\" alt=\"\" \/>\t\t\t\t\t\t\t\t\t\t\t\t\t\t\t<\/div>\n\t\t\t\t\t<\/div>\n\t\t<\/div>\n\t\t\t\t\t<\/div>\n\t\t<\/section>\n\t\t\t\t\t<\/div>\n\t\t<\/div>\n\t\t\t\t\t<\/div>\n\t\t<\/section>\n\t\t\t\t<section data-particle_enable=\"false\" data-particle-mobile-disabled=\"false\" class=\"elementor-section elementor-top-section elementor-element elementor-element-d776324 elementor-section-boxed elementor-section-height-default elementor-section-height-default\" data-id=\"d776324\" data-element_type=\"section\" data-e-type=\"section\">\n\t\t\t\t\t\t<div class=\"elementor-container elementor-column-gap-default\">\n\t\t\t\t\t<div class=\"elementor-column elementor-col-16 elementor-top-column elementor-element elementor-element-bcffc50\" data-id=\"bcffc50\" data-element_type=\"column\" data-e-type=\"column\">\n\t\t\t<div class=\"elementor-widget-wrap elementor-element-populated\">\n\t\t\t\t\t\t<div class=\"elementor-element elementor-element-47a37a4 elementor-widget elementor-widget-image\" data-id=\"47a37a4\" data-element_type=\"widget\" data-e-type=\"widget\" data-widget_type=\"image.default\">\n\t\t\t\t\t\t\t\t\t\t\t\t\t\t\t<img loading=\"lazy\" decoding=\"async\" width=\"300\" height=\"300\" src=\"https:\/\/aquariumdelareunion.com\/wp-content\/uploads\/2022\/12\/04138-300x300.webp\" class=\"attachment-medium size-medium wp-image-451\" alt=\"\" srcset=\"https:\/\/aquariumdelareunion.com\/wp-content\/uploads\/2022\/12\/04138-300x300.webp 300w, https:\/\/aquariumdelareunion.com\/wp-content\/uploads\/2022\/12\/04138-150x150.webp 150w, https:\/\/aquariumdelareunion.com\/wp-content\/uploads\/2022\/12\/04138.webp 520w\" sizes=\"(max-width: 300px) 100vw, 300px\" \/>\t\t\t\t\t\t\t\t\t\t\t\t\t\t\t<\/div>\n\t\t\t\t\t<\/div>\n\t\t<\/div>\n\t\t\t\t<div class=\"elementor-column elementor-col-16 elementor-top-column elementor-element elementor-element-a1ca779\" data-id=\"a1ca779\" data-element_type=\"column\" data-e-type=\"column\">\n\t\t\t<div class=\"elementor-widget-wrap elementor-element-populated\">\n\t\t\t\t\t\t<div class=\"elementor-element elementor-element-17a5279 elementor-widget elementor-widget-image\" data-id=\"17a5279\" data-element_type=\"widget\" data-e-type=\"widget\" data-widget_type=\"image.default\">\n\t\t\t\t\t\t\t\t\t\t\t\t\t\t\t<img loading=\"lazy\" decoding=\"async\" width=\"300\" height=\"300\" src=\"https:\/\/aquariumdelareunion.com\/wp-content\/uploads\/2022\/12\/19183-300x300.webp\" class=\"attachment-medium size-medium wp-image-456\" alt=\"\" srcset=\"https:\/\/aquariumdelareunion.com\/wp-content\/uploads\/2022\/12\/19183-300x300.webp 300w, https:\/\/aquariumdelareunion.com\/wp-content\/uploads\/2022\/12\/19183-150x150.webp 150w, https:\/\/aquariumdelareunion.com\/wp-content\/uploads\/2022\/12\/19183.webp 520w\" sizes=\"(max-width: 300px) 100vw, 300px\" \/>\t\t\t\t\t\t\t\t\t\t\t\t\t\t\t<\/div>\n\t\t\t\t\t<\/div>\n\t\t<\/div>\n\t\t\t\t<div class=\"elementor-column elementor-col-16 elementor-top-column elementor-element elementor-element-03a84ae\" data-id=\"03a84ae\" data-element_type=\"column\" data-e-type=\"column\">\n\t\t\t<div class=\"elementor-widget-wrap elementor-element-populated\">\n\t\t\t\t\t\t<div class=\"elementor-element elementor-element-9d49b56 elementor-widget elementor-widget-image\" data-id=\"9d49b56\" data-element_type=\"widget\" data-e-type=\"widget\" data-widget_type=\"image.default\">\n\t\t\t\t\t\t\t\t\t\t\t\t\t\t\t<img loading=\"lazy\" decoding=\"async\" width=\"300\" height=\"300\" src=\"https:\/\/aquariumdelareunion.com\/wp-content\/uploads\/2022\/12\/04709-300x300.webp\" class=\"attachment-medium size-medium wp-image-452\" alt=\"\" srcset=\"https:\/\/aquariumdelareunion.com\/wp-content\/uploads\/2022\/12\/04709-300x300.webp 300w, https:\/\/aquariumdelareunion.com\/wp-content\/uploads\/2022\/12\/04709-150x150.webp 150w, https:\/\/aquariumdelareunion.com\/wp-content\/uploads\/2022\/12\/04709.webp 520w\" sizes=\"(max-width: 300px) 100vw, 300px\" \/>\t\t\t\t\t\t\t\t\t\t\t\t\t\t\t<\/div>\n\t\t\t\t\t<\/div>\n\t\t<\/div>\n\t\t\t\t<div class=\"elementor-column elementor-col-16 elementor-top-column elementor-element elementor-element-46c6e3b\" data-id=\"46c6e3b\" data-element_type=\"column\" data-e-type=\"column\">\n\t\t\t<div class=\"elementor-widget-wrap elementor-element-populated\">\n\t\t\t\t\t\t<div class=\"elementor-element elementor-element-4e753c4 elementor-widget elementor-widget-image\" data-id=\"4e753c4\" data-element_type=\"widget\" data-e-type=\"widget\" data-widget_type=\"image.default\">\n\t\t\t\t\t\t\t\t\t\t\t\t\t\t\t<img loading=\"lazy\" decoding=\"async\" width=\"300\" height=\"300\" src=\"https:\/\/aquariumdelareunion.com\/wp-content\/uploads\/2022\/12\/03691-300x300.webp\" class=\"attachment-medium size-medium wp-image-453\" alt=\"\" srcset=\"https:\/\/aquariumdelareunion.com\/wp-content\/uploads\/2022\/12\/03691-300x300.webp 300w, https:\/\/aquariumdelareunion.com\/wp-content\/uploads\/2022\/12\/03691-150x150.webp 150w, https:\/\/aquariumdelareunion.com\/wp-content\/uploads\/2022\/12\/03691.webp 518w\" sizes=\"(max-width: 300px) 100vw, 300px\" \/>\t\t\t\t\t\t\t\t\t\t\t\t\t\t\t<\/div>\n\t\t\t\t\t<\/div>\n\t\t<\/div>\n\t\t\t\t<div class=\"elementor-column elementor-col-16 elementor-top-column elementor-element elementor-element-5f96ae6\" data-id=\"5f96ae6\" data-element_type=\"column\" data-e-type=\"column\">\n\t\t\t<div class=\"elementor-widget-wrap elementor-element-populated\">\n\t\t\t\t\t\t<div class=\"elementor-element elementor-element-e77ff29 elementor-widget elementor-widget-image\" data-id=\"e77ff29\" data-element_type=\"widget\" data-e-type=\"widget\" data-widget_type=\"image.default\">\n\t\t\t\t\t\t\t\t\t\t\t\t\t\t\t<img loading=\"lazy\" decoding=\"async\" width=\"300\" height=\"300\" src=\"https:\/\/aquariumdelareunion.com\/wp-content\/uploads\/2022\/12\/21601-300x300.webp\" class=\"attachment-medium size-medium wp-image-454\" alt=\"\" srcset=\"https:\/\/aquariumdelareunion.com\/wp-content\/uploads\/2022\/12\/21601-300x300.webp 300w, https:\/\/aquariumdelareunion.com\/wp-content\/uploads\/2022\/12\/21601-150x150.webp 150w, https:\/\/aquariumdelareunion.com\/wp-content\/uploads\/2022\/12\/21601.webp 518w\" sizes=\"(max-width: 300px) 100vw, 300px\" \/>\t\t\t\t\t\t\t\t\t\t\t\t\t\t\t<\/div>\n\t\t\t\t\t<\/div>\n\t\t<\/div>\n\t\t\t\t<div class=\"elementor-column elementor-col-16 elementor-top-column elementor-element elementor-element-201407f\" data-id=\"201407f\" data-element_type=\"column\" data-e-type=\"column\">\n\t\t\t<div class=\"elementor-widget-wrap elementor-element-populated\">\n\t\t\t\t\t\t<div class=\"elementor-element elementor-element-976f69f elementor-widget elementor-widget-image\" data-id=\"976f69f\" data-element_type=\"widget\" data-e-type=\"widget\" data-widget_type=\"image.default\">\n\t\t\t\t\t\t\t\t\t\t\t\t\t\t\t<img loading=\"lazy\" decoding=\"async\" width=\"300\" height=\"300\" src=\"https:\/\/aquariumdelareunion.com\/wp-content\/uploads\/2022\/12\/20653-300x300.webp\" class=\"attachment-medium size-medium wp-image-455\" alt=\"\" srcset=\"https:\/\/aquariumdelareunion.com\/wp-content\/uploads\/2022\/12\/20653-300x300.webp 300w, https:\/\/aquariumdelareunion.com\/wp-content\/uploads\/2022\/12\/20653-150x150.webp 150w, https:\/\/aquariumdelareunion.com\/wp-content\/uploads\/2022\/12\/20653.webp 520w\" sizes=\"(max-width: 300px) 100vw, 300px\" \/>\t\t\t\t\t\t\t\t\t\t\t\t\t\t\t<\/div>\n\t\t\t\t\t<\/div>\n\t\t<\/div>\n\t\t\t\t\t<\/div>\n\t\t<\/section>\n\t\t\t\t<section data-particle_enable=\"false\" data-particle-mobile-disabled=\"false\" class=\"elementor-section elementor-top-section elementor-element elementor-element-5a09805 elementor-section-boxed elementor-section-height-default elementor-section-height-default\" data-id=\"5a09805\" data-element_type=\"section\" data-e-type=\"section\">\n\t\t\t\t\t\t<div class=\"elementor-container elementor-column-gap-default\">\n\t\t\t\t\t<div class=\"elementor-column elementor-col-100 elementor-top-column elementor-element elementor-element-a32ac7b\" data-id=\"a32ac7b\" data-element_type=\"column\" data-e-type=\"column\">\n\t\t\t<div class=\"elementor-widget-wrap elementor-element-populated\">\n\t\t\t\t\t\t<div class=\"elementor-element elementor-element-8499971 elementor-widget elementor-widget-text-editor\" data-id=\"8499971\" data-element_type=\"widget\" data-e-type=\"widget\" data-widget_type=\"text-editor.default\">\n\t\t\t\t\t\t\t\t\t<p>Our shop, located at the lower entrance to the Aquarium de La R\u00e9union, is home to a wide selection of marine-themed products.<br \/>You'll be amazed by our fantastic range of stuffed animals and toys to suit all budgets.<br \/>Come and be impressed by the products chosen by our team.<br \/>Please do not hesitate to ask us if you are looking for something in particular \u2013 we would be delighted to help.<\/p>\t\t\t\t\t\t\t\t<\/div>\n\t\t\t\t\t<\/div>\n\t\t<\/div>\n\t\t\t\t\t<\/div>\n\t\t<\/section>\n\t\t\t\t<section data-particle_enable=\"false\" data-particle-mobile-disabled=\"false\" class=\"elementor-section elementor-top-section elementor-element elementor-element-62abb79 elementor-section-boxed elementor-section-height-default elementor-section-height-default\" data-id=\"62abb79\" data-element_type=\"section\" data-e-type=\"section\">\n\t\t\t\t\t\t<div class=\"elementor-container elementor-column-gap-default\">\n\t\t\t\t\t<div class=\"elementor-column elementor-col-50 elementor-top-column elementor-element elementor-element-b28a988\" data-id=\"b28a988\" data-element_type=\"column\" data-e-type=\"column\">\n\t\t\t<div class=\"elementor-widget-wrap elementor-element-populated\">\n\t\t\t\t\t\t<div class=\"elementor-element elementor-element-07afff4 elementor-widget elementor-widget-image\" data-id=\"07afff4\" data-element_type=\"widget\" data-e-type=\"widget\" data-widget_type=\"image.default\">\n\t\t\t\t\t\t\t\t\t\t\t\t\t\t\t<img loading=\"lazy\" decoding=\"async\" width=\"768\" height=\"768\" src=\"https:\/\/aquariumdelareunion.com\/wp-content\/uploads\/2022\/12\/04478-768x768.webp\" class=\"attachment-medium_large size-medium_large wp-image-449\" alt=\"\" srcset=\"https:\/\/aquariumdelareunion.com\/wp-content\/uploads\/2022\/12\/04478-768x768.webp 768w, https:\/\/aquariumdelareunion.com\/wp-content\/uploads\/2022\/12\/04478-300x300.webp 300w, https:\/\/aquariumdelareunion.com\/wp-content\/uploads\/2022\/12\/04478-1024x1024.webp 1024w, https:\/\/aquariumdelareunion.com\/wp-content\/uploads\/2022\/12\/04478-150x150.webp 150w, https:\/\/aquariumdelareunion.com\/wp-content\/uploads\/2022\/12\/04478.webp 1072w\" sizes=\"(max-width: 768px) 100vw, 768px\" \/>\t\t\t\t\t\t\t\t\t\t\t\t\t\t\t<\/div>\n\t\t\t\t\t<\/div>\n\t\t<\/div>\n\t\t\t\t<div class=\"elementor-column elementor-col-50 elementor-top-column elementor-element elementor-element-f4f4e4f\" data-id=\"f4f4e4f\" data-element_type=\"column\" data-e-type=\"column\">\n\t\t\t<div class=\"elementor-widget-wrap elementor-element-populated\">\n\t\t\t\t\t\t<div class=\"elementor-element elementor-element-0c8776c elementor-widget elementor-widget-image\" data-id=\"0c8776c\" data-element_type=\"widget\" data-e-type=\"widget\" data-widget_type=\"image.default\">\n\t\t\t\t\t\t\t\t\t\t\t\t\t\t\t<img loading=\"lazy\" decoding=\"async\" width=\"768\" height=\"768\" src=\"https:\/\/aquariumdelareunion.com\/wp-content\/uploads\/2022\/12\/07794-768x768.webp\" class=\"attachment-medium_large size-medium_large wp-image-450\" alt=\"\" srcset=\"https:\/\/aquariumdelareunion.com\/wp-content\/uploads\/2022\/12\/07794-768x768.webp 768w, https:\/\/aquariumdelareunion.com\/wp-content\/uploads\/2022\/12\/07794-300x300.webp 300w, https:\/\/aquariumdelareunion.com\/wp-content\/uploads\/2022\/12\/07794-1024x1024.webp 1024w, https:\/\/aquariumdelareunion.com\/wp-content\/uploads\/2022\/12\/07794-150x150.webp 150w, https:\/\/aquariumdelareunion.com\/wp-content\/uploads\/2022\/12\/07794.webp 1072w\" sizes=\"(max-width: 768px) 100vw, 768px\" \/>\t\t\t\t\t\t\t\t\t\t\t\t\t\t\t<\/div>\n\t\t\t\t\t<\/div>\n\t\t<\/div>\n\t\t\t\t\t<\/div>\n\t\t<\/section>\n\t\t\t\t<\/div>","protected":false},"excerpt":{"rendered":"<p>Boutique de la mer Souvenir Citoyen ! De nombreux articles vendus en boutique soutiennent des programmes de conservation du monde animal ou des programmes en faveur des enfants. Notre boutique, situ\u00e9e sur l\u2019entr\u00e9e basse de l\u2019Aquarium de la R\u00e9union, vous propose une riche s\u00e9lection de produits \u00e0 th\u00e8me Marin.Vous serez ravis de notre large choix [&hellip;]<\/p>\n","protected":false},"author":1,"featured_media":0,"parent":0,"menu_order":0,"comment_status":"closed","ping_status":"closed","template":"elementor_header_footer","meta":{"_acf_changed":false,"footnotes":""},"class_list":["post-445","page","type-page","status-publish","hentry"],"acf":[],"_links":{"self":[{"href":"https:\/\/aquariumdelareunion.com\/en\/wp-json\/wp\/v2\/pages\/445","targetHints":{"allow":["GET"]}}],"collection":[{"href":"https:\/\/aquariumdelareunion.com\/en\/wp-json\/wp\/v2\/pages"}],"about":[{"href":"https:\/\/aquariumdelareunion.com\/en\/wp-json\/wp\/v2\/types\/page"}],"author":[{"embeddable":true,"href":"https:\/\/aquariumdelareunion.com\/en\/wp-json\/wp\/v2\/users\/1"}],"replies":[{"embeddable":true,"href":"https:\/\/aquariumdelareunion.com\/en\/wp-json\/wp\/v2\/comments?post=445"}],"version-history":[{"count":13,"href":"https:\/\/aquariumdelareunion.com\/en\/wp-json\/wp\/v2\/pages\/445\/revisions"}],"predecessor-version":[{"id":1420,"href":"https:\/\/aquariumdelareunion.com\/en\/wp-json\/wp\/v2\/pages\/445\/revisions\/1420"}],"wp:attachment":[{"href":"https:\/\/aquariumdelareunion.com\/en\/wp-json\/wp\/v2\/media?parent=445"}],"curies":[{"name":"wp","href":"https:\/\/api.w.org\/{rel}","templated":true}]}}