{"id":465,"date":"2022-12-07T16:43:12","date_gmt":"2022-12-07T12:43:12","guid":{"rendered":"https:\/\/rekursivweb.ovh\/aquariumdelareunion\/?page_id=465"},"modified":"2024-11-02T20:50:25","modified_gmt":"2024-11-02T16:50:25","slug":"coulisses","status":"publish","type":"page","link":"https:\/\/aquariumdelareunion.com\/de\/coulisses\/","title":{"rendered":"Hinter den Kulissen"},"content":{"rendered":"<div data-elementor-type=\"wp-page\" data-elementor-id=\"465\" class=\"elementor elementor-465\" data-elementor-post-type=\"page\">\n\t\t\t\t\t\t<section data-particle_enable=\"false\" data-particle-mobile-disabled=\"false\" class=\"elementor-section elementor-top-section elementor-element elementor-element-c165a52 elementor-section-boxed elementor-section-height-default elementor-section-height-default\" data-id=\"c165a52\" data-element_type=\"section\" data-e-type=\"section\">\n\t\t\t\t\t\t<div class=\"elementor-container elementor-column-gap-wide\">\n\t\t\t\t\t<div class=\"elementor-column elementor-col-100 elementor-top-column elementor-element elementor-element-66fab70\" data-id=\"66fab70\" data-element_type=\"column\" data-e-type=\"column\">\n\t\t\t<div class=\"elementor-widget-wrap elementor-element-populated\">\n\t\t\t\t\t\t<div class=\"elementor-element elementor-element-a117fd9 elementor-widget elementor-widget-heading\" data-id=\"a117fd9\" data-element_type=\"widget\" data-e-type=\"widget\" data-widget_type=\"heading.default\">\n\t\t\t\t\t<h1 class=\"elementor-heading-title elementor-size-default\">Hinter den Kulissen<\/h1>\t\t\t\t<\/div>\n\t\t\t\t<div class=\"elementor-element elementor-element-d89f70b elementor-widget elementor-widget-text-editor\" data-id=\"d89f70b\" data-element_type=\"widget\" data-e-type=\"widget\" data-widget_type=\"text-editor.default\">\n\t\t\t\t\t\t\t\t\t<p>Hinter den Kulissen arbeiten Biologen, Pfleger und Techniker Hand in Hand, um die Lebewesen, die das Aquarium ausmachen, zu sch\u00fctzen, zu vervielf\u00e4ltigen und zu pflegen. Ihnen ist es zu verdanken, dass die \u00d6ffentlichkeit diese wirklichkeitsgetreuen Nachbildungen des Meeresgrunds bewundern kann.<\/p>\t\t\t\t\t\t\t\t<\/div>\n\t\t\t\t\t<\/div>\n\t\t<\/div>\n\t\t\t\t\t<\/div>\n\t\t<\/section>\n\t\t\t\t<section data-particle_enable=\"false\" data-particle-mobile-disabled=\"false\" class=\"elementor-section elementor-top-section elementor-element elementor-element-2dee91d elementor-section-content-middle elementor-section-boxed elementor-section-height-default elementor-section-height-default\" data-id=\"2dee91d\" data-element_type=\"section\" data-e-type=\"section\">\n\t\t\t\t\t\t<div class=\"elementor-container elementor-column-gap-wide\">\n\t\t\t\t\t<div class=\"elementor-column elementor-col-50 elementor-top-column elementor-element elementor-element-62233a5\" data-id=\"62233a5\" data-element_type=\"column\" data-e-type=\"column\">\n\t\t\t<div class=\"elementor-widget-wrap elementor-element-populated\">\n\t\t\t\t\t\t<div class=\"elementor-element elementor-element-611fce3 elementor-widget elementor-widget-text-editor\" data-id=\"611fce3\" data-element_type=\"widget\" data-e-type=\"widget\" data-widget_type=\"text-editor.default\">\n\t\t\t\t\t\t\t\t\t<p>So werden t\u00e4glich X kg Fisch, Schalen- und Krustentiere, Mollusken und Pflanzen vorbereitet und in den 20 <br \/>Aquarien des Rundgangs sowie in den X Quarant\u00e4nebecken verteilt.<\/p>\t\t\t\t\t\t\t\t<\/div>\n\t\t\t\t\t<\/div>\n\t\t<\/div>\n\t\t\t\t<div class=\"elementor-column elementor-col-50 elementor-top-column elementor-element elementor-element-945c9ad\" data-id=\"945c9ad\" data-element_type=\"column\" data-e-type=\"column\">\n\t\t\t<div class=\"elementor-widget-wrap elementor-element-populated\">\n\t\t\t\t\t\t<div class=\"elementor-element elementor-element-5a545e9 elementor-widget elementor-widget-image\" data-id=\"5a545e9\" data-element_type=\"widget\" data-e-type=\"widget\" data-widget_type=\"image.default\">\n\t\t\t\t\t\t\t\t\t\t\t\t\t\t\t<img fetchpriority=\"high\" decoding=\"async\" width=\"800\" height=\"451\" src=\"https:\/\/aquariumdelareunion.com\/wp-content\/uploads\/2022\/12\/coulisses-1-1024x577.webp\" class=\"attachment-large size-large wp-image-468\" alt=\"\" srcset=\"https:\/\/aquariumdelareunion.com\/wp-content\/uploads\/2022\/12\/coulisses-1-1024x577.webp 1024w, https:\/\/aquariumdelareunion.com\/wp-content\/uploads\/2022\/12\/coulisses-1-300x169.webp 300w, https:\/\/aquariumdelareunion.com\/wp-content\/uploads\/2022\/12\/coulisses-1-768x433.webp 768w, https:\/\/aquariumdelareunion.com\/wp-content\/uploads\/2022\/12\/coulisses-1.webp 1072w\" sizes=\"(max-width: 800px) 100vw, 800px\" \/>\t\t\t\t\t\t\t\t\t\t\t\t\t\t\t<\/div>\n\t\t\t\t\t<\/div>\n\t\t<\/div>\n\t\t\t\t\t<\/div>\n\t\t<\/section>\n\t\t\t\t<section data-particle_enable=\"false\" data-particle-mobile-disabled=\"false\" class=\"elementor-section elementor-top-section elementor-element elementor-element-e2ea77c elementor-section-boxed elementor-section-height-default elementor-section-height-default\" data-id=\"e2ea77c\" data-element_type=\"section\" data-e-type=\"section\">\n\t\t\t\t\t\t<div class=\"elementor-container elementor-column-gap-wide\">\n\t\t\t\t\t<div class=\"elementor-column elementor-col-50 elementor-top-column elementor-element elementor-element-ae85f9a\" data-id=\"ae85f9a\" data-element_type=\"column\" data-e-type=\"column\">\n\t\t\t<div class=\"elementor-widget-wrap elementor-element-populated\">\n\t\t\t\t\t\t<div class=\"elementor-element elementor-element-0b7a776 elementor-widget elementor-widget-image\" data-id=\"0b7a776\" data-element_type=\"widget\" data-e-type=\"widget\" data-widget_type=\"image.default\">\n\t\t\t\t\t\t\t\t\t\t\t\t\t\t\t<img decoding=\"async\" width=\"800\" height=\"449\" src=\"https:\/\/aquariumdelareunion.com\/wp-content\/uploads\/2022\/12\/coulisses-2-1024x575.webp\" class=\"attachment-large size-large wp-image-469\" alt=\"\" srcset=\"https:\/\/aquariumdelareunion.com\/wp-content\/uploads\/2022\/12\/coulisses-2-1024x575.webp 1024w, https:\/\/aquariumdelareunion.com\/wp-content\/uploads\/2022\/12\/coulisses-2-300x168.webp 300w, https:\/\/aquariumdelareunion.com\/wp-content\/uploads\/2022\/12\/coulisses-2-768x431.webp 768w, https:\/\/aquariumdelareunion.com\/wp-content\/uploads\/2022\/12\/coulisses-2.webp 1072w\" sizes=\"(max-width: 800px) 100vw, 800px\" \/>\t\t\t\t\t\t\t\t\t\t\t\t\t\t\t<\/div>\n\t\t\t\t<div class=\"elementor-element elementor-element-0faa156 elementor-widget elementor-widget-heading\" data-id=\"0faa156\" data-element_type=\"widget\" data-e-type=\"widget\" data-widget_type=\"heading.default\">\n\t\t\t\t\t<h2 class=\"elementor-heading-title elementor-size-default\">Hinter den Kulissen gibt es viel zu tun \u2013 jeden Tag.\n<\/h2>\t\t\t\t<\/div>\n\t\t\t\t<div class=\"elementor-element elementor-element-2f71c92 elementor-widget elementor-widget-text-editor\" data-id=\"2f71c92\" data-element_type=\"widget\" data-e-type=\"widget\" data-widget_type=\"text-editor.default\">\n\t\t\t\t\t\t\t\t\t<p>Um eine Pr\u00e4sentation der Meeresfauna m\u00f6glich zu machen, sind innerhalb des Teams zahlreiche Kompetenzen gefragt, so zum Beispiel in den Bereichen Meeresbiologie, Botanik, Meerwasserchemie, Klimatechnik, Elektrik, Fl\u00fcssigkeitszirkulation und sogar im juristischen Bereich.<\/p>\t\t\t\t\t\t\t\t<\/div>\n\t\t\t\t\t<\/div>\n\t\t<\/div>\n\t\t\t\t<div class=\"elementor-column elementor-col-50 elementor-top-column elementor-element elementor-element-c0f6fb0\" data-id=\"c0f6fb0\" data-element_type=\"column\" data-e-type=\"column\">\n\t\t\t<div class=\"elementor-widget-wrap elementor-element-populated\">\n\t\t\t\t\t\t<div class=\"elementor-element elementor-element-a030f19 elementor-widget elementor-widget-image\" data-id=\"a030f19\" data-element_type=\"widget\" data-e-type=\"widget\" data-widget_type=\"image.default\">\n\t\t\t\t\t\t\t\t\t\t\t\t\t\t\t<img decoding=\"async\" width=\"800\" height=\"451\" src=\"https:\/\/aquariumdelareunion.com\/wp-content\/uploads\/2022\/12\/coulisses-3-1024x577.webp\" class=\"attachment-large size-large wp-image-470\" alt=\"\" srcset=\"https:\/\/aquariumdelareunion.com\/wp-content\/uploads\/2022\/12\/coulisses-3-1024x577.webp 1024w, https:\/\/aquariumdelareunion.com\/wp-content\/uploads\/2022\/12\/coulisses-3-300x169.webp 300w, https:\/\/aquariumdelareunion.com\/wp-content\/uploads\/2022\/12\/coulisses-3-768x433.webp 768w, https:\/\/aquariumdelareunion.com\/wp-content\/uploads\/2022\/12\/coulisses-3.webp 1072w\" sizes=\"(max-width: 800px) 100vw, 800px\" \/>\t\t\t\t\t\t\t\t\t\t\t\t\t\t\t<\/div>\n\t\t\t\t<div class=\"elementor-element elementor-element-f3939f6 elementor-widget elementor-widget-heading\" data-id=\"f3939f6\" data-element_type=\"widget\" data-e-type=\"widget\" data-widget_type=\"heading.default\">\n\t\t\t\t\t<h2 class=\"elementor-heading-title elementor-size-default\">Hinter den Kulissen arbeitet emsig ein Team von Spezialisten.<\/h2>\t\t\t\t<\/div>\n\t\t\t\t<div class=\"elementor-element elementor-element-c62b10f elementor-widget elementor-widget-text-editor\" data-id=\"c62b10f\" data-element_type=\"widget\" data-e-type=\"widget\" data-widget_type=\"text-editor.default\">\n\t\t\t\t\t\t\t\t\t<p>Die t\u00e4gliche Arbeit der Teams des Aquarium de La R\u00e9union besteht an jedem Tag des Jahres darin, die Gesundheit der Tiere im Auge zu behalten. Die Biologen und Pfleger\/Taucher k\u00fcmmern sich um die qualitativ hochwertige Pr\u00e4sentation der Aquarien. Sie nehmen zudem neue G\u00e4ste in Quarant\u00e4ne in Empfang und \u00fcberwachen die Fortpflanzung. Sie halten die technischen Installationen (Pumpen, Filter, Bel\u00fcftungen, Beleuchtungen \u2026) instand, damit die 600.000 Liter Meerwasser in den Becken zu jeder Zeit in einwandfreiem Zustand sind.<\/p>\t\t\t\t\t\t\t\t<\/div>\n\t\t\t\t\t<\/div>\n\t\t<\/div>\n\t\t\t\t\t<\/div>\n\t\t<\/section>\n\t\t\t\t<section data-particle_enable=\"false\" data-particle-mobile-disabled=\"false\" class=\"elementor-section elementor-top-section elementor-element elementor-element-23a6822 elementor-section-boxed elementor-section-height-default elementor-section-height-default\" data-id=\"23a6822\" data-element_type=\"section\" data-e-type=\"section\">\n\t\t\t\t\t\t<div class=\"elementor-container elementor-column-gap-wide\">\n\t\t\t\t\t<div class=\"elementor-column elementor-col-50 elementor-top-column elementor-element elementor-element-c4c94cd\" data-id=\"c4c94cd\" data-element_type=\"column\" data-e-type=\"column\">\n\t\t\t<div class=\"elementor-widget-wrap elementor-element-populated\">\n\t\t\t\t\t\t<div class=\"elementor-element elementor-element-a512851 elementor-widget elementor-widget-image\" data-id=\"a512851\" data-element_type=\"widget\" data-e-type=\"widget\" data-widget_type=\"image.default\">\n\t\t\t\t\t\t\t\t\t\t\t\t\t\t\t<img loading=\"lazy\" decoding=\"async\" width=\"800\" height=\"449\" src=\"https:\/\/aquariumdelareunion.com\/wp-content\/uploads\/2022\/12\/coulisses-4-1024x575.webp\" class=\"attachment-large size-large wp-image-471\" alt=\"\" srcset=\"https:\/\/aquariumdelareunion.com\/wp-content\/uploads\/2022\/12\/coulisses-4-1024x575.webp 1024w, https:\/\/aquariumdelareunion.com\/wp-content\/uploads\/2022\/12\/coulisses-4-300x168.webp 300w, https:\/\/aquariumdelareunion.com\/wp-content\/uploads\/2022\/12\/coulisses-4-768x431.webp 768w, https:\/\/aquariumdelareunion.com\/wp-content\/uploads\/2022\/12\/coulisses-4.webp 1072w\" sizes=\"(max-width: 800px) 100vw, 800px\" \/>\t\t\t\t\t\t\t\t\t\t\t\t\t\t\t<\/div>\n\t\t\t\t\t<\/div>\n\t\t<\/div>\n\t\t\t\t<div class=\"elementor-column elementor-col-50 elementor-top-column elementor-element elementor-element-92dcd26\" data-id=\"92dcd26\" data-element_type=\"column\" data-e-type=\"column\">\n\t\t\t<div class=\"elementor-widget-wrap elementor-element-populated\">\n\t\t\t\t\t\t<div class=\"elementor-element elementor-element-7476656 elementor-widget elementor-widget-image\" data-id=\"7476656\" data-element_type=\"widget\" data-e-type=\"widget\" data-widget_type=\"image.default\">\n\t\t\t\t\t\t\t\t\t\t\t\t\t\t\t<img loading=\"lazy\" decoding=\"async\" width=\"800\" height=\"451\" src=\"https:\/\/aquariumdelareunion.com\/wp-content\/uploads\/2022\/12\/coulisses-5-1024x577.webp\" class=\"attachment-large size-large wp-image-472\" alt=\"\" srcset=\"https:\/\/aquariumdelareunion.com\/wp-content\/uploads\/2022\/12\/coulisses-5-1024x577.webp 1024w, https:\/\/aquariumdelareunion.com\/wp-content\/uploads\/2022\/12\/coulisses-5-300x169.webp 300w, https:\/\/aquariumdelareunion.com\/wp-content\/uploads\/2022\/12\/coulisses-5-768x433.webp 768w, https:\/\/aquariumdelareunion.com\/wp-content\/uploads\/2022\/12\/coulisses-5.webp 1072w\" sizes=\"(max-width: 800px) 100vw, 800px\" \/>\t\t\t\t\t\t\t\t\t\t\t\t\t\t\t<\/div>\n\t\t\t\t\t<\/div>\n\t\t<\/div>\n\t\t\t\t\t<\/div>\n\t\t<\/section>\n\t\t\t\t<section data-particle_enable=\"false\" data-particle-mobile-disabled=\"false\" class=\"elementor-section elementor-top-section elementor-element elementor-element-a08acb0 elementor-section-boxed elementor-section-height-default elementor-section-height-default\" data-id=\"a08acb0\" data-element_type=\"section\" data-e-type=\"section\">\n\t\t\t\t\t\t<div class=\"elementor-container elementor-column-gap-wide\">\n\t\t\t\t\t<div class=\"elementor-column elementor-col-50 elementor-top-column elementor-element elementor-element-720682d\" data-id=\"720682d\" data-element_type=\"column\" data-e-type=\"column\">\n\t\t\t<div class=\"elementor-widget-wrap elementor-element-populated\">\n\t\t\t\t\t\t<div class=\"elementor-element elementor-element-815c84a elementor-widget elementor-widget-image\" data-id=\"815c84a\" data-element_type=\"widget\" data-e-type=\"widget\" data-widget_type=\"image.default\">\n\t\t\t\t\t\t\t\t\t\t\t\t\t\t\t<img loading=\"lazy\" decoding=\"async\" width=\"800\" height=\"451\" src=\"https:\/\/aquariumdelareunion.com\/wp-content\/uploads\/2022\/12\/coulisses-6-1024x577.webp\" class=\"attachment-large size-large wp-image-473\" alt=\"\" srcset=\"https:\/\/aquariumdelareunion.com\/wp-content\/uploads\/2022\/12\/coulisses-6-1024x577.webp 1024w, https:\/\/aquariumdelareunion.com\/wp-content\/uploads\/2022\/12\/coulisses-6-300x169.webp 300w, https:\/\/aquariumdelareunion.com\/wp-content\/uploads\/2022\/12\/coulisses-6-768x433.webp 768w, https:\/\/aquariumdelareunion.com\/wp-content\/uploads\/2022\/12\/coulisses-6.webp 1072w\" sizes=\"(max-width: 800px) 100vw, 800px\" \/>\t\t\t\t\t\t\t\t\t\t\t\t\t\t\t<\/div>\n\t\t\t\t\t<\/div>\n\t\t<\/div>\n\t\t\t\t<div class=\"elementor-column elementor-col-50 elementor-top-column elementor-element elementor-element-6decc13\" data-id=\"6decc13\" data-element_type=\"column\" data-e-type=\"column\">\n\t\t\t<div class=\"elementor-widget-wrap elementor-element-populated\">\n\t\t\t\t\t\t<div class=\"elementor-element elementor-element-5109c77 elementor-widget elementor-widget-image\" data-id=\"5109c77\" data-element_type=\"widget\" data-e-type=\"widget\" data-widget_type=\"image.default\">\n\t\t\t\t\t\t\t\t\t\t\t\t\t\t\t<img loading=\"lazy\" decoding=\"async\" width=\"800\" height=\"451\" src=\"https:\/\/aquariumdelareunion.com\/wp-content\/uploads\/2022\/12\/coulisses-7-1024x577.webp\" class=\"attachment-large size-large wp-image-474\" alt=\"\" srcset=\"https:\/\/aquariumdelareunion.com\/wp-content\/uploads\/2022\/12\/coulisses-7-1024x577.webp 1024w, https:\/\/aquariumdelareunion.com\/wp-content\/uploads\/2022\/12\/coulisses-7-300x169.webp 300w, https:\/\/aquariumdelareunion.com\/wp-content\/uploads\/2022\/12\/coulisses-7-768x433.webp 768w, https:\/\/aquariumdelareunion.com\/wp-content\/uploads\/2022\/12\/coulisses-7.webp 1072w\" sizes=\"(max-width: 800px) 100vw, 800px\" \/>\t\t\t\t\t\t\t\t\t\t\t\t\t\t\t<\/div>\n\t\t\t\t\t<\/div>\n\t\t<\/div>\n\t\t\t\t\t<\/div>\n\t\t<\/section>\n\t\t\t\t<section data-particle_enable=\"false\" data-particle-mobile-disabled=\"false\" class=\"elementor-section elementor-top-section elementor-element elementor-element-6619e12 elementor-section-boxed elementor-section-height-default elementor-section-height-default\" data-id=\"6619e12\" data-element_type=\"section\" data-e-type=\"section\">\n\t\t\t\t\t\t<div class=\"elementor-container elementor-column-gap-default\">\n\t\t\t\t\t<div class=\"elementor-column elementor-col-100 elementor-top-column elementor-element elementor-element-4d53182\" data-id=\"4d53182\" data-element_type=\"column\" data-e-type=\"column\">\n\t\t\t<div class=\"elementor-widget-wrap elementor-element-populated\">\n\t\t\t\t\t\t<div class=\"elementor-element elementor-element-cca82a7 elementor-widget elementor-widget-text-editor\" data-id=\"cca82a7\" data-element_type=\"widget\" data-e-type=\"widget\" data-widget_type=\"text-editor.default\">\n\t\t\t\t\t\t\t\t\t<p>Die Darstellungen in unseren Aquarien zeigen eine realit\u00e4tsgetreue Nachbildung der Natur. Von den physikalisch-chemischen Parametern des Wassers \u00fcber die Beleuchtung und die Dekoration hin zur Kohabitation der verschiedenen Arten entspricht hier alles der nat\u00fcrlichen Umgebung. So ist es Besuchern m\u00f6glich, die Tiere und ihr nat\u00fcrliches Verhalten zu beobachten.<\/p>\t\t\t\t\t\t\t\t<\/div>\n\t\t\t\t\t<\/div>\n\t\t<\/div>\n\t\t\t\t\t<\/div>\n\t\t<\/section>\n\t\t\t\t<\/div>","protected":false},"excerpt":{"rendered":"<p>Coulisses Derri\u00e8re le rideau, biologistes, soigneurs, techniciens s\u2019unissent pour pr\u00e9server, reproduire, g\u00e9rer et entretenir\u2026 la vie du site. Gr\u00e2ce \u00e0 eux, le public peut admirer ces reconstitutions fid\u00e8les des fonds marins. Ainsi, chaque jour, X kilos de poissons, coquillages, crustac\u00e9s, mollusques et v\u00e9g\u00e9taux sont pr\u00e9par\u00e9s et distribu\u00e9s dans les 20 aquariums de la visite et [&hellip;]<\/p>\n","protected":false},"author":1,"featured_media":0,"parent":0,"menu_order":0,"comment_status":"closed","ping_status":"closed","template":"elementor_header_footer","meta":{"_acf_changed":false,"footnotes":""},"class_list":["post-465","page","type-page","status-publish","hentry"],"acf":[],"_links":{"self":[{"href":"https:\/\/aquariumdelareunion.com\/de\/wp-json\/wp\/v2\/pages\/465","targetHints":{"allow":["GET"]}}],"collection":[{"href":"https:\/\/aquariumdelareunion.com\/de\/wp-json\/wp\/v2\/pages"}],"about":[{"href":"https:\/\/aquariumdelareunion.com\/de\/wp-json\/wp\/v2\/types\/page"}],"author":[{"embeddable":true,"href":"https:\/\/aquariumdelareunion.com\/de\/wp-json\/wp\/v2\/users\/1"}],"replies":[{"embeddable":true,"href":"https:\/\/aquariumdelareunion.com\/de\/wp-json\/wp\/v2\/comments?post=465"}],"version-history":[{"count":13,"href":"https:\/\/aquariumdelareunion.com\/de\/wp-json\/wp\/v2\/pages\/465\/revisions"}],"predecessor-version":[{"id":1827,"href":"https:\/\/aquariumdelareunion.com\/de\/wp-json\/wp\/v2\/pages\/465\/revisions\/1827"}],"wp:attachment":[{"href":"https:\/\/aquariumdelareunion.com\/de\/wp-json\/wp\/v2\/media?parent=465"}],"curies":[{"name":"wp","href":"https:\/\/api.w.org\/{rel}","templated":true}]}}