{"id":20,"date":"2022-11-22T15:11:28","date_gmt":"2022-11-22T11:11:28","guid":{"rendered":"https:\/\/rekursivweb.ovh\/aquariumdelareunion\/?page_id=20"},"modified":"2023-10-03T13:17:43","modified_gmt":"2023-10-03T09:17:43","slug":"aire-marine-educative","status":"publish","type":"page","link":"https:\/\/aquariumdelareunion.com\/de\/aire-marine-educative\/","title":{"rendered":"Meereslehrgebiet"},"content":{"rendered":"\t\t<div data-elementor-type=\"wp-page\" data-elementor-id=\"20\" class=\"elementor elementor-20\" data-elementor-post-type=\"page\">\n\t\t\t\t\t\t<section data-particle_enable=\"false\" data-particle-mobile-disabled=\"false\" class=\"elementor-section elementor-top-section elementor-element elementor-element-842b489 elementor-section-boxed elementor-section-height-default elementor-section-height-default\" data-id=\"842b489\" data-element_type=\"section\" data-e-type=\"section\">\n\t\t\t\t\t\t<div class=\"elementor-container elementor-column-gap-wide\">\n\t\t\t\t\t<div class=\"elementor-column elementor-col-100 elementor-top-column elementor-element elementor-element-e8d7321\" data-id=\"e8d7321\" data-element_type=\"column\" data-e-type=\"column\">\n\t\t\t<div class=\"elementor-widget-wrap elementor-element-populated\">\n\t\t\t\t\t\t<div class=\"elementor-element elementor-element-3723b73 elementor-widget elementor-widget-heading\" data-id=\"3723b73\" data-element_type=\"widget\" data-e-type=\"widget\" data-widget_type=\"heading.default\">\n\t\t\t\t\t<h1 class=\"elementor-heading-title elementor-size-default\">AME<\/h1>\t\t\t\t<\/div>\n\t\t\t\t<div class=\"elementor-element elementor-element-edb359e elementor-widget elementor-widget-text-editor\" data-id=\"edb359e\" data-element_type=\"widget\" data-e-type=\"widget\" data-widget_type=\"text-editor.default\">\n\t\t\t\t\t\t\t\t\t<p>L\u2019Aquarium et l\u2019Ecole de Carosse se sont associ\u00e9s afin de cr\u00e9er une Aire Marine Educative sur le Port de St Gilles les Bains en septembre 2022.<\/p>\t\t\t\t\t\t\t\t<\/div>\n\t\t\t\t\t<\/div>\n\t\t<\/div>\n\t\t\t\t\t<\/div>\n\t\t<\/section>\n\t\t\t\t<section data-particle_enable=\"false\" data-particle-mobile-disabled=\"false\" class=\"elementor-section elementor-top-section elementor-element elementor-element-f216a32 elementor-section-boxed elementor-section-height-default elementor-section-height-default\" data-id=\"f216a32\" data-element_type=\"section\" data-e-type=\"section\">\n\t\t\t\t\t\t<div class=\"elementor-container elementor-column-gap-wide\">\n\t\t\t\t\t<div class=\"elementor-column elementor-col-50 elementor-top-column elementor-element elementor-element-a0037c5\" data-id=\"a0037c5\" data-element_type=\"column\" data-e-type=\"column\">\n\t\t\t<div class=\"elementor-widget-wrap elementor-element-populated\">\n\t\t\t\t\t\t<div class=\"elementor-element elementor-element-6025656 elementor-widget elementor-widget-image\" data-id=\"6025656\" data-element_type=\"widget\" data-e-type=\"widget\" data-widget_type=\"image.default\">\n\t\t\t\t\t\t\t\t\t\t\t\t\t\t\t<img fetchpriority=\"high\" decoding=\"async\" width=\"800\" height=\"600\" src=\"https:\/\/aquariumdelareunion.com\/wp-content\/uploads\/2023\/03\/photo-AME4-port-st-gilles-112022.webp\" class=\"attachment-large size-large wp-image-1138\" alt=\"\" srcset=\"https:\/\/aquariumdelareunion.com\/wp-content\/uploads\/2023\/03\/photo-AME4-port-st-gilles-112022.webp 1024w, https:\/\/aquariumdelareunion.com\/wp-content\/uploads\/2023\/03\/photo-AME4-port-st-gilles-112022-300x225.webp 300w, https:\/\/aquariumdelareunion.com\/wp-content\/uploads\/2023\/03\/photo-AME4-port-st-gilles-112022-768x576.webp 768w, https:\/\/aquariumdelareunion.com\/wp-content\/uploads\/2023\/03\/photo-AME4-port-st-gilles-112022-16x12.webp 16w\" sizes=\"(max-width: 800px) 100vw, 800px\" \/>\t\t\t\t\t\t\t\t\t\t\t\t\t\t\t<\/div>\n\t\t\t\t\t<\/div>\n\t\t<\/div>\n\t\t\t\t<div class=\"elementor-column elementor-col-50 elementor-top-column elementor-element elementor-element-34a937f\" data-id=\"34a937f\" data-element_type=\"column\" data-e-type=\"column\">\n\t\t\t<div class=\"elementor-widget-wrap elementor-element-populated\">\n\t\t\t\t\t\t<div class=\"elementor-element elementor-element-fc8bee4 elementor-widget elementor-widget-image\" data-id=\"fc8bee4\" data-element_type=\"widget\" data-e-type=\"widget\" data-widget_type=\"image.default\">\n\t\t\t\t\t\t\t\t\t\t\t\t\t\t\t<img decoding=\"async\" width=\"800\" height=\"600\" src=\"https:\/\/aquariumdelareunion.com\/wp-content\/uploads\/2023\/03\/photo-AME2-port-st-gilles-112022.webp\" class=\"attachment-large size-large wp-image-1136\" alt=\"\" srcset=\"https:\/\/aquariumdelareunion.com\/wp-content\/uploads\/2023\/03\/photo-AME2-port-st-gilles-112022.webp 1024w, https:\/\/aquariumdelareunion.com\/wp-content\/uploads\/2023\/03\/photo-AME2-port-st-gilles-112022-300x225.webp 300w, https:\/\/aquariumdelareunion.com\/wp-content\/uploads\/2023\/03\/photo-AME2-port-st-gilles-112022-768x576.webp 768w, https:\/\/aquariumdelareunion.com\/wp-content\/uploads\/2023\/03\/photo-AME2-port-st-gilles-112022-16x12.webp 16w\" sizes=\"(max-width: 800px) 100vw, 800px\" \/>\t\t\t\t\t\t\t\t\t\t\t\t\t\t\t<\/div>\n\t\t\t\t\t<\/div>\n\t\t<\/div>\n\t\t\t\t\t<\/div>\n\t\t<\/section>\n\t\t\t\t<section data-particle_enable=\"false\" data-particle-mobile-disabled=\"false\" class=\"elementor-section elementor-top-section elementor-element elementor-element-78f0cea elementor-section-boxed elementor-section-height-default elementor-section-height-default\" data-id=\"78f0cea\" data-element_type=\"section\" data-e-type=\"section\" data-settings=\"{&quot;background_background&quot;:&quot;classic&quot;,&quot;background_motion_fx_motion_fx_scrolling&quot;:&quot;yes&quot;,&quot;background_motion_fx_translateY_effect&quot;:&quot;yes&quot;,&quot;background_motion_fx_translateY_speed&quot;:{&quot;unit&quot;:&quot;px&quot;,&quot;size&quot;:5,&quot;sizes&quot;:[]},&quot;background_motion_fx_translateX_effect&quot;:&quot;yes&quot;,&quot;background_motion_fx_translateX_direction&quot;:&quot;negative&quot;,&quot;background_motion_fx_translateX_affectedRange&quot;:{&quot;unit&quot;:&quot;%&quot;,&quot;size&quot;:&quot;&quot;,&quot;sizes&quot;:{&quot;start&quot;:0,&quot;end&quot;:46}},&quot;background_motion_fx_translateY_affectedRange&quot;:{&quot;unit&quot;:&quot;%&quot;,&quot;size&quot;:&quot;&quot;,&quot;sizes&quot;:{&quot;start&quot;:0,&quot;end&quot;:100}},&quot;background_motion_fx_translateX_speed&quot;:{&quot;unit&quot;:&quot;px&quot;,&quot;size&quot;:4,&quot;sizes&quot;:[]},&quot;background_motion_fx_devices&quot;:[&quot;desktop&quot;,&quot;tablet&quot;,&quot;mobile&quot;]}\">\n\t\t\t\t\t\t<div class=\"elementor-container elementor-column-gap-wide\">\n\t\t\t\t\t<div class=\"elementor-column elementor-col-50 elementor-top-column elementor-element elementor-element-3e32d2a\" data-id=\"3e32d2a\" data-element_type=\"column\" data-e-type=\"column\">\n\t\t\t<div class=\"elementor-widget-wrap elementor-element-populated\">\n\t\t\t\t\t\t<div class=\"elementor-element elementor-element-b82c233 elementor-widget elementor-widget-text-editor\" data-id=\"b82c233\" data-element_type=\"widget\" data-e-type=\"widget\" data-widget_type=\"text-editor.default\">\n\t\t\t\t\t\t\t\t\t<p>L\u2019 AME est constitu\u00e9e de deux classes de CE2 et CM1, encadr\u00e9es par Mesdasmes Lajoie et Frastr\u00e9, professeurs des Ecoles.<\/p>\t\t\t\t\t\t\t\t<\/div>\n\t\t\t\t<div class=\"elementor-element elementor-element-37802a9 elementor-widget-divider--view-line elementor-widget elementor-widget-divider\" data-id=\"37802a9\" data-element_type=\"widget\" data-e-type=\"widget\" data-widget_type=\"divider.default\">\n\t\t\t\t\t\t\t<div class=\"elementor-divider\">\n\t\t\t<span class=\"elementor-divider-separator\">\n\t\t\t\t\t\t<\/span>\n\t\t<\/div>\n\t\t\t\t\t\t<\/div>\n\t\t\t\t<div class=\"elementor-element elementor-element-394dc5f elementor-widget elementor-widget-text-editor\" data-id=\"394dc5f\" data-element_type=\"widget\" data-e-type=\"widget\" data-widget_type=\"text-editor.default\">\n\t\t\t\t\t\t\t\t\t<p>Les enfants ont d\u00e9fini un p\u00e9rim\u00e8tre allant de l\u2019arri\u00e8re de la plage des Roches Noires, au quai s\u00e9parant la ravine du port, et le port.<\/p>\t\t\t\t\t\t\t\t<\/div>\n\t\t\t\t\t<\/div>\n\t\t<\/div>\n\t\t\t\t<div class=\"elementor-column elementor-col-50 elementor-top-column elementor-element elementor-element-a0c0dc3\" data-id=\"a0c0dc3\" data-element_type=\"column\" data-e-type=\"column\">\n\t\t\t<div class=\"elementor-widget-wrap elementor-element-populated\">\n\t\t\t\t\t\t<div class=\"elementor-element elementor-element-c1b5291 elementor-widget elementor-widget-image\" data-id=\"c1b5291\" data-element_type=\"widget\" data-e-type=\"widget\" data-widget_type=\"image.default\">\n\t\t\t\t\t\t\t\t\t\t\t\t\t\t\t<img decoding=\"async\" width=\"768\" height=\"544\" src=\"https:\/\/aquariumdelareunion.com\/wp-content\/uploads\/2022\/12\/preserver-1-768x544.webp\" class=\"attachment-medium_large size-medium_large wp-image-420\" alt=\"\" srcset=\"https:\/\/aquariumdelareunion.com\/wp-content\/uploads\/2022\/12\/preserver-1-768x544.webp 768w, https:\/\/aquariumdelareunion.com\/wp-content\/uploads\/2022\/12\/preserver-1-300x213.webp 300w, https:\/\/aquariumdelareunion.com\/wp-content\/uploads\/2022\/12\/preserver-1-1024x725.webp 1024w, https:\/\/aquariumdelareunion.com\/wp-content\/uploads\/2022\/12\/preserver-1.webp 1070w\" sizes=\"(max-width: 768px) 100vw, 768px\" \/>\t\t\t\t\t\t\t\t\t\t\t\t\t\t\t<\/div>\n\t\t\t\t<div class=\"elementor-element elementor-element-57ee5ab elementor-widget elementor-widget-image\" data-id=\"57ee5ab\" data-element_type=\"widget\" data-e-type=\"widget\" data-widget_type=\"image.default\">\n\t\t\t\t\t\t\t\t\t\t\t\t\t\t\t<img loading=\"lazy\" decoding=\"async\" width=\"768\" height=\"637\" src=\"https:\/\/aquariumdelareunion.com\/wp-content\/uploads\/2022\/12\/preserver-2-768x637.webp\" class=\"attachment-medium_large size-medium_large wp-image-421\" alt=\"\" srcset=\"https:\/\/aquariumdelareunion.com\/wp-content\/uploads\/2022\/12\/preserver-2-768x637.webp 768w, https:\/\/aquariumdelareunion.com\/wp-content\/uploads\/2022\/12\/preserver-2-300x249.webp 300w, https:\/\/aquariumdelareunion.com\/wp-content\/uploads\/2022\/12\/preserver-2-1024x850.webp 1024w, https:\/\/aquariumdelareunion.com\/wp-content\/uploads\/2022\/12\/preserver-2.webp 1070w\" sizes=\"(max-width: 768px) 100vw, 768px\" \/>\t\t\t\t\t\t\t\t\t\t\t\t\t\t\t<\/div>\n\t\t\t\t<div class=\"elementor-element elementor-element-69989e3 elementor-widget elementor-widget-image\" data-id=\"69989e3\" data-element_type=\"widget\" data-e-type=\"widget\" data-widget_type=\"image.default\">\n\t\t\t\t\t\t\t\t\t\t\t\t\t\t\t<img loading=\"lazy\" decoding=\"async\" width=\"768\" height=\"535\" src=\"https:\/\/aquariumdelareunion.com\/wp-content\/uploads\/2022\/12\/preserver-3-768x535.webp\" class=\"attachment-medium_large size-medium_large wp-image-422\" alt=\"\" srcset=\"https:\/\/aquariumdelareunion.com\/wp-content\/uploads\/2022\/12\/preserver-3-768x535.webp 768w, https:\/\/aquariumdelareunion.com\/wp-content\/uploads\/2022\/12\/preserver-3-300x209.webp 300w, https:\/\/aquariumdelareunion.com\/wp-content\/uploads\/2022\/12\/preserver-3-1024x714.webp 1024w, https:\/\/aquariumdelareunion.com\/wp-content\/uploads\/2022\/12\/preserver-3.webp 1070w\" sizes=\"(max-width: 768px) 100vw, 768px\" \/>\t\t\t\t\t\t\t\t\t\t\t\t\t\t\t<\/div>\n\t\t\t\t<div class=\"elementor-element elementor-element-7222665 elementor-widget elementor-widget-image\" data-id=\"7222665\" data-element_type=\"widget\" data-e-type=\"widget\" data-widget_type=\"image.default\">\n\t\t\t\t\t\t\t\t\t\t\t\t\t\t\t<img loading=\"lazy\" decoding=\"async\" width=\"768\" height=\"538\" src=\"https:\/\/aquariumdelareunion.com\/wp-content\/uploads\/2022\/12\/preserver-4-768x538.webp\" class=\"attachment-medium_large size-medium_large wp-image-423\" alt=\"\" srcset=\"https:\/\/aquariumdelareunion.com\/wp-content\/uploads\/2022\/12\/preserver-4-768x538.webp 768w, https:\/\/aquariumdelareunion.com\/wp-content\/uploads\/2022\/12\/preserver-4-300x210.webp 300w, https:\/\/aquariumdelareunion.com\/wp-content\/uploads\/2022\/12\/preserver-4-1024x718.webp 1024w, https:\/\/aquariumdelareunion.com\/wp-content\/uploads\/2022\/12\/preserver-4.webp 1070w\" sizes=\"(max-width: 768px) 100vw, 768px\" \/>\t\t\t\t\t\t\t\t\t\t\t\t\t\t\t<\/div>\n\t\t\t\t\t<\/div>\n\t\t<\/div>\n\t\t\t\t\t<\/div>\n\t\t<\/section>\n\t\t\t\t<\/div>\n\t\t","protected":false},"excerpt":{"rendered":"<p>AME L\u2019Aquarium et l\u2019Ecole de Carosse se sont associ\u00e9s afin de cr\u00e9er une Aire Marine Educative sur le Port de St Gilles les Bains en septembre 2022. L\u2019 AME est constitu\u00e9e de deux classes de CE2 et CM1, encadr\u00e9es par Mesdasmes Lajoie et Frastr\u00e9, professeurs des Ecoles. Les enfants ont d\u00e9fini un p\u00e9rim\u00e8tre allant de [&hellip;]<\/p>\n","protected":false},"author":1,"featured_media":0,"parent":0,"menu_order":0,"comment_status":"closed","ping_status":"closed","template":"elementor_header_footer","meta":{"_acf_changed":false,"footnotes":""},"class_list":["post-20","page","type-page","status-publish","hentry"],"acf":[],"_links":{"self":[{"href":"https:\/\/aquariumdelareunion.com\/de\/wp-json\/wp\/v2\/pages\/20","targetHints":{"allow":["GET"]}}],"collection":[{"href":"https:\/\/aquariumdelareunion.com\/de\/wp-json\/wp\/v2\/pages"}],"about":[{"href":"https:\/\/aquariumdelareunion.com\/de\/wp-json\/wp\/v2\/types\/page"}],"author":[{"embeddable":true,"href":"https:\/\/aquariumdelareunion.com\/de\/wp-json\/wp\/v2\/users\/1"}],"replies":[{"embeddable":true,"href":"https:\/\/aquariumdelareunion.com\/de\/wp-json\/wp\/v2\/comments?post=20"}],"version-history":[{"count":32,"href":"https:\/\/aquariumdelareunion.com\/de\/wp-json\/wp\/v2\/pages\/20\/revisions"}],"predecessor-version":[{"id":1406,"href":"https:\/\/aquariumdelareunion.com\/de\/wp-json\/wp\/v2\/pages\/20\/revisions\/1406"}],"wp:attachment":[{"href":"https:\/\/aquariumdelareunion.com\/de\/wp-json\/wp\/v2\/media?parent=20"}],"curies":[{"name":"wp","href":"https:\/\/api.w.org\/{rel}","templated":true}]}}